{"id":5,"date":"2022-08-27T17:14:49","date_gmt":"2022-08-27T17:14:49","guid":{"rendered":"http:\/\/quantunplus.com\/?page_id=5"},"modified":"2022-08-27T20:59:52","modified_gmt":"2022-08-27T20:59:52","slug":"5-2","status":"publish","type":"page","link":"https:\/\/quantunplus.com\/","title":{"rendered":"Mamifiesto por Am\u00e9rica Latina"},"content":{"rendered":"\n<div class=\"wp-block-cover alignfull is-light has-custom-content-position is-position-top-center\" style=\"min-height:700px\"><span aria-hidden=\"true\" class=\"wp-block-cover__background has-background-dim-10 has-background-dim\"><\/span><video class=\"wp-block-cover__video-background intrinsic-ignore\" autoplay muted loop playsinline src=\"https:\/\/quantunplus.com\/wp-content\/uploads\/2022\/08\/ok-Cover-Quantum-Dual.mp4\" data-object-fit=\"cover\"><\/video><div class=\"wp-block-cover__inner-container\">\n<div class=\"is-layout-flex wp-container-1 wp-block-buttons\"><\/div>\n<\/div><\/div>\n\n\n\n<h2 class=\"has-text-align-center\"><br>Manifiesto por Am\u00e9rica Latina<\/h2>\n\n\n\n<h2 class=\"has-text-align-center\"><br><strong>Quantum Plus for Business Corp<br><br><\/strong><\/h2>\n\n\n\n<h2 class=\"has-text-align-center\"><strong>\u00a8Somos so\u00f1adores, porque todo lo qu\u00e9 existe,<\/strong><strong><br><\/strong><strong> alguna vez fue so\u00f1ado por alguien\u00a8.<\/strong><\/h2>\n\n\n\n<p><strong>Desde sus remotos or\u00edgenes, el ser humano en su avance desde un estado primitivo, fue descubriendo y logrando avances en direcci\u00f3n a mejorar su calidad de vida, cada determinado periodo, fue dando saltos cu\u00e1nticos en su evoluci\u00f3n, como individuo y miembro de una comunidad, al pasar de un estado de ser, hacer y tener a otros estados de mayor y mejor supervivencia.<\/strong><\/p>\n\n\n\n<p><strong>Al seguir sus instintos b\u00e1sicos encontr\u00f3 qu\u00e9 necesitaba aparearse, descubri\u00f3 la necesidad del v\u00ednculo con otro miembro&nbsp; de la especie, de esa manera encontr\u00f3 el c\u00e1lido cobijo mutuo de vivir en una c\u00e9lula primaria llamada familia, organiz\u00e1ndose en el cuidado de la familia y en la obtenci\u00f3n de protecci\u00f3n y alimentos.&nbsp;<\/strong><\/p>\n\n\n\n<p><strong>El segundo gran avance fue descubrir qu\u00e9 al unir a las familias en clanes, pod\u00edan ser m\u00e1s fuertes como equipo y de esa manera obtener una mayor protecci\u00f3n para sus familias y ahora al ser un miembro de un equipo era m\u00e1s eficiente y productivo desde el punto de vista cuantitativo, para&nbsp; cazar y recolectar los frutos qu\u00e9 ten\u00edan disponibles en la naturaleza.<br>El siguiente salto cu\u00e1ntico fue gracias a aprender a cultivar sus alimentos y organizar la cr\u00eda de ganado, En esta etapa deja de ser n\u00f3mada y se establece en regiones, creando las primeras viviendas estables y los primeros poblados.<br>Ello requiri\u00f3 obtener pericias de organizaci\u00f3n, asignaci\u00f3n de puestos de trabajos y liderazgo, necesito adoptar sistemas de comunicacion,&nbsp; qu\u00e9 luego se transformar\u00eda en dialectos regionales y m\u00e1s adelante en&nbsp; idiomas, mejorando la eficiencia al coordinar m\u00e1s eficazmente sus actividades.<\/strong><\/p>\n\n\n\n<p><strong>Luego crece la manufactura de diversos elementos necesarios para la nueva vida en estas sociedades en constante avance, la econom\u00eda empieza a tomar fuerza, hay talleres de fabricaci\u00f3n de vestimentas, herramientas, armas etc.<\/strong><br><\/p>\n\n\n\n<p><strong>La necesidad de una administraci\u00f3n m\u00e1s amplia y m\u00e1s organizada se hace notar, as\u00ed se hace evidente y urgente organizar los intercambios y nace la moneda, que simplifica la naciente actividad econ\u00f3mica, este gran avance es acompa\u00f1ado por otros de gran importancia, se hace necesario clarificar conceptos de equidad, merecimiento y justicia, lo qu\u00e9 ser\u00eda las bases de la justicia moderna y los primeros bancos.<\/strong><\/p>\n\n\n\n<p><strong>El siguiente gran salto cu\u00e1ntico para la humanidad fue la era industrial, tambi\u00e9n llamada La revoluci\u00f3n Industrial, como proceso de transformaci\u00f3n econ\u00f3mica, social y tecnol\u00f3gica, generando un gran aumento de la producci\u00f3n mecanizada, provocando grandes cambios en la estructura social, trayendo una gran expansi\u00f3n econ\u00f3mica e industrial sin precedentes.<\/strong><\/p>\n\n\n\n<p><strong>Desde hace unas d\u00e9cadas&nbsp; estamos viviendo en la era de la&nbsp; revoluci\u00f3n inform\u00e1tica.&nbsp;<\/strong><\/p>\n\n\n\n<p><strong>Entre los beneficios causados por la revoluci\u00f3n inform\u00e1tica se puede encontrar que cre\u00f3 las condiciones para qu\u00e9 uno de los pilares m\u00e1s importantes para la humanidad se disparara hacia arriba, me refiero a crear las condiciones, para qu\u00e9 la comunicacion sea factible en segundos, sin importar en qu\u00e9 regi\u00f3n del planeta nos encontramos, simplific\u00f3 las tareas cotidianas, los trabajos repetitivos, cre\u00f3 nuevos puestos de trabajo, reemplaz\u00f3 puestos de trabajos humanos y aument\u00f3 el mercado laboral y mucho m\u00e1s.<\/strong><\/p>\n\n\n\n<p><br><strong>Sin dudas trajo y traer\u00e1 enormes cambios en todos los \u00e1mbitos, como gran cantidad de informaci\u00f3n disponible, la posibilidad de decodificar el ADN humano, la biomedicina, robotizaci\u00f3n, inteligencia artificial, criptomonedas, cripto activos etc.<\/strong><\/p>\n\n\n\n<p><strong>La revoluci\u00f3n qu\u00e9 ha comenzado es la era de la consciencia de la abundancia, &nbsp;y estamos muy involucrados, con el fin de establecer nuevas realidades de abundancia en todas las regiones, consiste en una mega toma de consciencia de nuestros verdaderos potenciales f\u00edsicos, mentales y espirituales, sabemos lo qu\u00e9 hay qu\u00e9 cambiar y corregir y sabemos d\u00f3nde queremos ir y lo qu\u00e9 estamos logrando, sabemos y trabajamos en lograr nuestras metas y prop\u00f3sitos de crear cada d\u00eda un mundo mejor para cada habitante y naci\u00f3n en el planeta.<\/strong><\/p>\n\n\n\n<p><strong>Estamos en proceso de aprender a cuidar nuestro cuerpo, nuestra mente y nuestro esp\u00edritu, con el prop\u00f3sito de ser mejores y m\u00e1s eficientes, para nosotros como individuos y por lo tanto para la sociedad, estamos conscientes qu\u00e9 para ello es fundamental establecer la importancia de los valores \u00e9ticos y morales de todos nosotros, entender la importancia de la integridad, qu\u00e9 desde luego quiere decir estar unidos en un todo, (\u00cdntegro, qu\u00e9 tiene todas sus partes, no esta separado) solo as\u00ed rehabilitaremos nuestro poder y ahora como una nueva civilizaci\u00f3n estamos dando el salto cu\u00e1ntico m\u00e1s importante de nuestra historia, o sea, el poder qu\u00e9 genera estar conscientes de nuestros potenciales de ser,&nbsp; comprender qu\u00e9 somos m\u00e1s eficientes y m\u00e1s felices cuando somos considerados y ayudamos, qu\u00e9 en lugar de luchar entre nosotros y con otros, saltamos a un nivel de poder qu\u00e9 podemos vislumbrar, aunque es muy evidente qu\u00e9 la divisi\u00f3n empeque\u00f1ece, es algo qu\u00e9 la humanidad ha estado haciendo.<\/strong><\/p>\n\n\n\n<p><strong>Ahora estamos uniendo todos los conceptos qu\u00e9 ayudan a la supervivencia, a ser felices y abundantes, a re descubrir qu\u00e9 existe la creaci\u00f3n y qu\u00e9 la escasez solo existi\u00f3 por desconocer este \u00fanico concepto, ya qu\u00e9 creiamos qu\u00e9 solo exist\u00eda un paste del cual todos competiriamos para agarrar m\u00e1s cantidad, sin nunca considerar qu\u00e9 pod\u00edamos crear todos los pasteles que desearamos,&nbsp;<br>Todos sabemos de las riquezas qu\u00e9 posee Latinoam\u00e9rica, enormes cantidades de tierra f\u00e9rtil, cr\u00eda de una gran diversidad de ganado, enormes cantidades de \u00e1reas de miner\u00eda, gran cantidad de \u00e1reas petrol\u00edferas, infinitos recursos humanos, mano de obra creativa, artistas, l\u00edderes, ejecutivos, artesanos etc. sobre todo un gran coraz\u00f3n de oro, unas ganas supremas de brillar, una alegr\u00eda infinita&nbsp; y determinaci\u00f3n ilimitada&nbsp; de ser mejores personas y progresar.<\/strong><\/p>\n\n\n\n<p>S<strong>omos so\u00f1adores y buscamos m\u00e1s so\u00f1adores para este equipo, somos so\u00f1adores porque todo lo qu\u00e9 existe, alguna vez fue so\u00f1ado por alguien.<\/strong><\/p>\n\n\n\n<p><strong>Somos creadores y tambi\u00e9n somos pragm\u00e1ticos, somos l\u00edderes para se\u00f1alar el camino, somos ejecutivos, somos un gran equipo y&nbsp; tenemos planes, tenemos brillantes y eficientes programas, qu\u00e9 ejecutados producen enormes&nbsp; resultados, tenemos m\u00faltiples soluciones, sobre todo somos conscientes de qu\u00e9 somos creadores y crearemos lo necesario para lograr nuestras metas y objetivos.<\/strong><\/p>\n\n\n\n<p><strong>Como latinoamericanos, somos un gran y poderoso motor cu\u00e1ntico,&nbsp; creador de vida y prosperidad, nuestras ganas de progresar y de ser mejores en todas nuestras actividades, en nuestro trabajo o emprendimientos, como ciudadanos de este mundo, nuestra capacidad creativa esta a prueba cada d\u00eda con las cambiantes reglas de juego en estas regiones, tenemos el prop\u00f3sito de qu\u00e9 cada una de nuestras familias y qu\u00e9 todas las familias del mundo puedan vivir mejor, sabemos qu\u00e9 la abundancia econ\u00f3mica permite una vida mejor y tambi\u00e9n sabemos qu\u00e9 ello solamente no alcanza para ser plenos y felices, por eso te invitamos a sumarte a este cambio de consciencia donde la vida con su ejemplo nos se\u00f1ala el camino a seguir.<br>&nbsp;Aprendemos de la naturaleza, qu\u00e9 con su ejemplo nos ense\u00f1a qu\u00e9 act\u00faa como un todo super organizado, el sol calienta el agua para evaporarla y as\u00ed forma nubes, qu\u00e9 luego el viento la llevara a regiones donde hay \u00e1rboles y vegetaci\u00f3n, y ya posicionadas liberan el agua sobre la vegetaci\u00f3n, asi las plantas crecer\u00e1n y podr\u00e1n ser usadas como alimentos por los animales y las personas, esta es la manera muy precisa, en qu\u00e9 funciona la naturaleza como un equipo altamente organizado y de la misma manera lo hace un cuerpo, donde uno al observar, no lo ve como unas cuantas c\u00e9lulas sueltas por ahi, tampoco vemos a los \u00f3rganos del cuerpo como seres independientes aislados con su vida propia e individualizada, sino qu\u00e9 lo vemos vivir unidos como un todo ultra organizado, donde todos hacen su parte y cumplen su misi\u00f3n con precisa responsabilidad y eficiencia.<\/strong><\/p>\n\n\n\n<p><strong>Haciendo una analog\u00eda con el cuerpo humano, en el pasado remoto, en sus inicios, los humanos se unieron en c\u00e9lulas familiares, m\u00e1s adelante&nbsp; en mol\u00e9culas, qu\u00e9 fueron los primeros clanes y luego en \u00f3rganos, qu\u00e9 fueron ciudades y m\u00e1s adelante cuerpos, qu\u00e9 fueron los pa\u00edses.<\/strong><\/p>\n\n\n\n<p><strong>La naturaleza nos muestra y ense\u00f1a el camino de unidad, co creaci\u00f3n, comunicacion y co producci\u00f3n, a seguir, para tener un cuerpo en armon\u00eda, saludable y pr\u00f3spero, el salto siguiente es estar re-unidos en pa\u00edses como una regi\u00f3n que es Latinoam\u00e9rica, siendo una unidad energ\u00e9tica consciente creadora de abundancia y riqueza para s\u00ed misma y por lo tanto para todo el planeta. De esta manera estaremos haciendo nuestra parte y siendo parte del todo, como seres humanos qu\u00e9 habitamos este hermoso lugar.<\/strong><br><strong><br>Estamos logrando estos objetivos cada d\u00eda, hemos desarrollado programas muy brillantes, eficientes y espec\u00edficos, listos para ejecutar y, si as\u00ed es necesario, estamos listos para desarrollar otros proyectos y programas con el prop\u00f3sito de alcanzar nuevas metas.<\/strong><\/p>\n\n\n\n<p><strong>Instamos a una masiva participaci\u00f3n colectiva, Invitamos y exhortamos a los presidentes y funcionarios de Latino Am\u00e9rica, a los directores de compa\u00f1\u00edas, a l\u00edderes de la comunidad, ONG\u00b4s&nbsp; y a todos aquellos qu\u00e9 tengan proyectos para mejorar nuestra regi\u00f3n, estamos listos para financiar proyectos qu\u00e9 signifiquen una ayuda y una mejora para Latino Am\u00e9rica.<\/strong><br><br><strong>Vamos a hacerlo, lo estamos haciendo, sabemos qu\u00e9 todo es posible con determinaci\u00f3n, y un equipo poderoso y organizado qu\u00e9 somos, tenemos claras las metas de un mundo mejor, tenemos un enorme equipo internacional multidisciplinario, disponemos de m\u00faltiples fuentes legales de financiaci\u00f3n, la vida nos apoya, porque apoyamos a la v<\/strong>ida.<\/p>\n\n\n\n<p>i<strong> somos plenos al amar, al sentirnos dignos, \u00fatiles, al lograr nuestras metas o al ayudar a lograrlas a nuestros seres queridos\u2026<br>Al estar comunicados y unidos en prop\u00f3sitos positivos, cuando trabajamos apasionados para lograr nuestros objetivos y el de nuestros seres queridos, la vida se transforma en un juego divertido y somos felices\u2026<\/strong><\/p>\n\n\n\n<p><strong>Y si&nbsp; somos infelices al odiar y estar separados y en conflictos y guerras\u2026<\/strong><\/p>\n\n\n\n<p><br><strong>Tal vez estamos recibiendo un mensaje muy claro, de la naturaleza y la vida\u2026<\/strong><br><br><strong>Estamos trabajando en integrar nuestros pueblos, ayudando a crear una econom\u00eda sustentable, mediante implementar potentes sistemas de creaci\u00f3n y financiaci\u00f3n de proyectos, de involucrar a gobiernos comprometidos con sus funciones c\u00edvicas, funcionarios idealistas y pragm\u00e1ticos, brillantes directores de empresas privadas, m\u00faltiples entidades de financiaci\u00f3n y a toda la maravillosa comunidad, creando y suministrando el combustible vital qu\u00e9 provoca la determinaci\u00f3n de los pueblos a crecer y ser mejores cada <\/strong>d<strong>ia.<\/strong><br><br><strong>La hermosa y apasionada Am\u00e9rica Latina quiere un mundo mejor para todos, le invitamos a sumarse para hacer un mundo maravilloso a la altura de los sue\u00f1os m\u00e1s incre\u00edbles, estamos haciendo un mundo hermoso donde vivir es lo&nbsp; mejor qu\u00e9 nos puede pasar\u2026<\/strong><\/p>\n\n\n\n<p class=\"has-text-align-center\"><strong>Cada salto cu\u00e1ntico qu\u00e9 dio la humanidad, se debi\u00f3 a qu\u00e9 se uni\u00f3 en equipos cada vez m\u00e1s grandes y se fue acercando gradualmente a ser un todo \u00edntegro, cada vez mejor organizado y ayudando al aportar cada uno su valiosa contribuci\u00f3n al engranaje de la vida, no lo olvides, eres la gota de agua en el mar y eres el mar a la vez\u2026<\/strong><br><br><strong>\u00a8Somos So\u00f1adores porque todo lo qu\u00e9 existe alguna vez fue so\u00f1ado por alguien\u2026\u00a8<br>DE PARTE DE ROCIO ESCOBAR, PRESIDENTA,  ROBERTO MAYA CEO Y TODO EL EQUIPO INTERNACIONAL DE QUANTUM PLUS FOR BUSINESS CORP<\/strong><br>\u00a0 \u00a0 \u00a0 \u00a0 \u00a0 \u00a0 <br>Quantum Plus for Business Corp<br>Manifiesto por Am\u00e9rica Latina<br>Autor Roberto Maya<br>CEO Internacional<br>www.quantumplusforbusiness.com<br><\/p>\n\n\n\n<div class=\"is-content-justification-center is-layout-flex wp-container-2 wp-block-buttons\">\n<div class=\"wp-block-button\"><a class=\"wp-block-button__link has-ast-global-color-8-color has-luminous-vivid-amber-background-color has-text-color has-background wp-element-button\" href=\"https:\/\/www.quantumplusforbusiness.com\/\">Regresar a home<\/a><\/div>\n<\/div>\n","protected":false},"excerpt":{"rendered":"<p>Manifiesto por Am\u00e9rica Latina Quantum Plus for Business Corp \u00a8Somos so\u00f1adores, porque todo lo qu\u00e9 existe, alguna vez fue so\u00f1ado por alguien\u00a8. Desde sus remotos or\u00edgenes, el ser humano en su avance desde un estado primitivo, fue descubriendo y logrando avances en direcci\u00f3n a mejorar su calidad de vida, cada determinado periodo, fue dando saltos &hellip;<\/p>\n<p class=\"read-more\"> <a class=\"\" href=\"https:\/\/quantunplus.com\/\"> <span class=\"screen-reader-text\">Mamifiesto por Am\u00e9rica Latina<\/span> Read More &raquo;<\/a><\/p>\n","protected":false},"author":1,"featured_media":0,"parent":0,"menu_order":0,"comment_status":"closed","ping_status":"closed","template":"","meta":{"om_disable_all_campaigns":false,"_monsterinsights_skip_tracking":false,"_monsterinsights_sitenote_active":false,"_monsterinsights_sitenote_note":"","_monsterinsights_sitenote_category":0,"site-sidebar-layout":"default","site-content-layout":"default","ast-global-header-display":"","ast-main-header-display":"","ast-hfb-above-header-display":"","ast-hfb-below-header-display":"","ast-hfb-mobile-header-display":"","site-post-title":"disabled","ast-breadcrumbs-content":"","ast-featured-img":"","footer-sml-layout":"","theme-transparent-header-meta":"","adv-header-id-meta":"","stick-header-meta":"","header-above-stick-meta":"","header-main-stick-meta":"","header-below-stick-meta":""},"aioseo_notices":[],"_links":{"self":[{"href":"https:\/\/quantunplus.com\/index.php\/wp-json\/wp\/v2\/pages\/5"}],"collection":[{"href":"https:\/\/quantunplus.com\/index.php\/wp-json\/wp\/v2\/pages"}],"about":[{"href":"https:\/\/quantunplus.com\/index.php\/wp-json\/wp\/v2\/types\/page"}],"author":[{"embeddable":true,"href":"https:\/\/quantunplus.com\/index.php\/wp-json\/wp\/v2\/users\/1"}],"replies":[{"embeddable":true,"href":"https:\/\/quantunplus.com\/index.php\/wp-json\/wp\/v2\/comments?post=5"}],"version-history":[{"count":15,"href":"https:\/\/quantunplus.com\/index.php\/wp-json\/wp\/v2\/pages\/5\/revisions"}],"predecessor-version":[{"id":51,"href":"https:\/\/quantunplus.com\/index.php\/wp-json\/wp\/v2\/pages\/5\/revisions\/51"}],"wp:attachment":[{"href":"https:\/\/quantunplus.com\/index.php\/wp-json\/wp\/v2\/media?parent=5"}],"curies":[{"name":"wp","href":"https:\/\/api.w.org\/{rel}","templated":true}]}}